{"id":12,"date":"2021-01-17T18:41:26","date_gmt":"2021-01-17T17:41:26","guid":{"rendered":"https:\/\/www.peintrecollin.com\/pcw\/?page_id=12"},"modified":"2021-02-23T19:26:59","modified_gmt":"2021-02-23T18:26:59","slug":"fco_page-accueil","status":"publish","type":"page","link":"https:\/\/www.peintrecollin.com\/pcw\/fco_page-accueil\/","title":{"rendered":"Accueil"},"content":{"rendered":"\n<div class=\"alignfull\"><div id=\"metaslider-id-14\" style=\"width: 100%;\" class=\"ml-slider-3-109-0 metaslider metaslider-flex metaslider-14 ml-slider diaporamaPeintreCollin has-dots-nav ms-theme-cubic\" role=\"region\" aria-label=\"diaporamaPeintreCollin\" data-height=\"500\" data-width=\"1920\">\n    <div id=\"metaslider_container_14\">\n        <div id=\"metaslider_14\">\n            <ul class='slides'>\n                <li style=\"display: block; width: 100%;\" class=\"slide-18 ms-image \" aria-roledescription=\"slide\" data-date=\"2021-01-17 19:23:57\" data-filename=\"tenerife-carrousel.jpg\" data-slide-type=\"image\"><img loading=\"lazy\" decoding=\"async\" src=\"https:\/\/www.peintrecollin.com\/pcw\/wp-content\/uploads\/2021\/01\/tenerife-carrousel.jpg\" height=\"500\" width=\"1920\" alt=\"\" class=\"slider-14 slide-18 msDefaultImage\" title=\"tenerife-carrousel\" \/><\/li>\n                <li style=\"display: none; width: 100%;\" class=\"slide-19 ms-image \" aria-roledescription=\"slide\" data-date=\"2021-01-17 19:23:58\" data-filename=\"carrousel-cathedrale-chartres.png\" data-slide-type=\"image\"><img loading=\"lazy\" decoding=\"async\" src=\"https:\/\/www.peintrecollin.com\/pcw\/wp-content\/uploads\/2021\/02\/carrousel-cathedrale-chartres.png\" height=\"500\" width=\"1920\" alt=\"\" class=\"slider-14 slide-19 msDefaultImage\" title=\"carrousel-cathedrale-chartres\" \/><\/li>\n                <li style=\"display: none; width: 100%;\" class=\"slide-20 ms-image \" aria-roledescription=\"slide\" data-date=\"2021-01-17 19:23:58\" data-filename=\"carrousel-bateau.png\" data-slide-type=\"image\"><img loading=\"lazy\" decoding=\"async\" src=\"https:\/\/www.peintrecollin.com\/pcw\/wp-content\/uploads\/2021\/02\/carrousel-bateau.png\" height=\"500\" width=\"1920\" alt=\"\" class=\"slider-14 slide-20 msDefaultImage\" title=\"carrousel-bateau\" \/><\/li>\n                <li style=\"display: none; width: 100%;\" class=\"slide-219 ms-image \" aria-roledescription=\"slide\" data-date=\"2021-02-11 23:12:02\" data-filename=\"carrousel-pont-neuf-chartres.png\" data-slide-type=\"image\"><img loading=\"lazy\" decoding=\"async\" src=\"https:\/\/www.peintrecollin.com\/pcw\/wp-content\/uploads\/2021\/02\/carrousel-pont-neuf-chartres.png\" height=\"500\" width=\"1920\" alt=\"\" class=\"slider-14 slide-219 msDefaultImage\" title=\"carrousel-pont-neuf-chartres\" \/><\/li>\n                <li style=\"display: none; width: 100%;\" class=\"slide-221 ms-image \" aria-roledescription=\"slide\" data-date=\"2021-02-11 23:20:21\" data-filename=\"carrousel-cabane-noirmoutier.png\" data-slide-type=\"image\"><img loading=\"lazy\" decoding=\"async\" src=\"https:\/\/www.peintrecollin.com\/pcw\/wp-content\/uploads\/2021\/02\/carrousel-cabane-noirmoutier.png\" height=\"500\" width=\"1920\" alt=\"\" class=\"slider-14 slide-221 msDefaultImage\" title=\"carrousel-cabane-noirmoutier\" \/><\/li>\n            <\/ul>\n        <\/div>\n        \n    <\/div>\n<\/div><\/div>\n\n\n\n<h2 class=\"blocBienvenueTitre wp-block-heading\">Bienvenue !<\/h2>\n\n\n\n<div class=\"wp-block-group blocBienvenueContenu\"><div class=\"wp-block-group__inner-container is-layout-flow wp-block-group-is-layout-flow\">\n<p>Peintre autodidacte, je n&rsquo;ai cess\u00e9 de m&rsquo;enthousiasmer pour le dessin et la peinture d\u00e8s que j&rsquo;ai su tenir un crayon dans la main.<\/p>\n\n\n\n<p>D\u00e8s mon plus jeune \u00e2ge, les contacts r\u00e9guliers avec mon Grand-oncle Anthime, peintre normand, a probablement particip\u00e9 au d\u00e9veloppement de cette sensibilit\u00e9 aux arts plastiques. Il adorait nous emmener \u00e0 la d\u00e9couverte du port du Havre et d&rsquo;Antifer, observer les bateaux en cale s\u00e8che, et un peu plus loin sur la c\u00f4te, fl\u00e2ner sur les falaises d&rsquo;Etretat.<\/p>\n\n\n\n<p>Natif de la Beauce chartraine et ayant des racines bretonnes, c&rsquo;est naturellement dans ces r\u00e9gions o\u00f9 je puise le plus mon inspiration.<\/p>\n\n\n\n<p>Etant fils d&rsquo;un artisan ma\u00e7on, j&rsquo;ai grandi au milieu de briques, de tuiles, et autres mat\u00e9riaux de construction. Ce qui doit expliquer l&rsquo;origine de mes th\u00e8mes de pr\u00e9dilection, comme les vieilles maisons, les ch\u00e2teaux, les phares, \u2026 et d&rsquo;une mani\u00e8re g\u00e9n\u00e9rale, tout ce qui gravite autour de l&rsquo;architecture.<\/p>\n\n\n\n<p>Bonne visite !<\/p>\n<\/div><\/div>\n\n\n\n<div class=\"wp-block-group blocInfoFixe\"><div class=\"wp-block-group__inner-container is-layout-flow wp-block-group-is-layout-flow\">\n<h1 class=\"blocInfoFixeTitre wp-block-heading\">Fran\u00e7ois Collin<\/h1>\n\n\n\n<p class=\"blocInfoFixeArtistePeintre\">Artiste peintre<\/p>\n\n\n\n<div class=\"wp-block-buttons blocInfoFixeBoutonTableaux is-layout-flex wp-block-buttons-is-layout-flex\">\n<div class=\"wp-block-button blocInfoFixeBoutonOeuvres\"><a class=\"wp-block-button__link\" href=\"https:\/\/www.peintrecollin.com\/pcw\/fco_page-tableaux\">Voir les tableaux<\/a><\/div>\n<\/div>\n<\/div><\/div>\n\n\n\n<div class=\"wp-block-group accueilContactBloc\"><div class=\"wp-block-group__inner-container is-layout-flow wp-block-group-is-layout-flow\">\n<h2 class=\"accueilContactTitre wp-block-heading\">Contact<\/h2>\n\n\n\n<div class=\"wp-block-columns is-layout-flex wp-container-core-columns-is-layout-9d6595d7 wp-block-columns-is-layout-flex\">\n<div class=\"wp-block-column is-layout-flow wp-block-column-is-layout-flow\" style=\"flex-basis:100%\"><div class=\"wpforms-container wpforms-container-full wpforms-block formulaireContact\" id=\"wpforms-77\"><form id=\"wpforms-form-77\" class=\"wpforms-validate wpforms-form\" data-formid=\"77\" method=\"post\" enctype=\"multipart\/form-data\" action=\"\/pcw\/wp-json\/wp\/v2\/pages\/12\" data-token=\"cdaae343e128fab9edb36b2253db4ceb\" data-token-time=\"1778716958\"><noscript class=\"wpforms-error-noscript\">Veuillez activer JavaScript dans votre navigateur pour remplir ce formulaire.<\/noscript><div class=\"wpforms-field-container\"><div id=\"wpforms-77-field_0-container\" class=\"wpforms-field wpforms-field-name nomClient\" data-field-id=\"0\"><label class=\"wpforms-field-label\" for=\"wpforms-77-field_0\">Nom <span class=\"wpforms-required-label\">*<\/span><\/label><input type=\"text\" id=\"wpforms-77-field_0\" class=\"wpforms-field-medium wpforms-field-required\" name=\"wpforms[fields][0]\" required><\/div><div id=\"wpforms-77-field_1-container\" class=\"wpforms-field wpforms-field-email mailClient\" data-field-id=\"1\"><label class=\"wpforms-field-label\" for=\"wpforms-77-field_1\">E-mail <span class=\"wpforms-required-label\">*<\/span><\/label><input type=\"email\" id=\"wpforms-77-field_1\" class=\"wpforms-field-medium wpforms-field-required\" name=\"wpforms[fields][1]\" spellcheck=\"false\" required><\/div><div id=\"wpforms-77-field_3-container\" class=\"wpforms-field wpforms-field-radio objetClient wpforms-list-inline\" data-field-id=\"3\"><label class=\"wpforms-field-label\">Objet <span class=\"wpforms-required-label\">*<\/span><\/label><ul id=\"wpforms-77-field_3\" class=\"wpforms-field-required\"><li class=\"choice-1 depth-1\"><input type=\"radio\" id=\"wpforms-77-field_3_1\" name=\"wpforms[fields][3]\" value=\"Visiter l&#039;atelier\" required ><label class=\"wpforms-field-label-inline\" for=\"wpforms-77-field_3_1\">Visiter l&rsquo;atelier<\/label><\/li><li class=\"choice-2 depth-1\"><input type=\"radio\" id=\"wpforms-77-field_3_2\" name=\"wpforms[fields][3]\" value=\"R\u00e9aliser un tableau sur commande\" required ><label class=\"wpforms-field-label-inline\" for=\"wpforms-77-field_3_2\">R\u00e9aliser un tableau sur commande<\/label><\/li><li class=\"choice-5 depth-1\"><input type=\"radio\" id=\"wpforms-77-field_3_5\" name=\"wpforms[fields][3]\" value=\"Salon, Foire, Exposition\" required ><label class=\"wpforms-field-label-inline\" for=\"wpforms-77-field_3_5\">Salon, Foire, Exposition<\/label><\/li><li class=\"choice-6 depth-1\"><input type=\"radio\" id=\"wpforms-77-field_3_6\" name=\"wpforms[fields][3]\" value=\"Galerie d&#039;Art\" required ><label class=\"wpforms-field-label-inline\" for=\"wpforms-77-field_3_6\">Galerie d&rsquo;Art<\/label><\/li><li class=\"choice-3 depth-1\"><input type=\"radio\" id=\"wpforms-77-field_3_3\" name=\"wpforms[fields][3]\" value=\"Autre\" required ><label class=\"wpforms-field-label-inline\" for=\"wpforms-77-field_3_3\">Autre<\/label><\/li><\/ul><\/div><div id=\"wpforms-77-field_2-container\" class=\"wpforms-field wpforms-field-textarea messageClient\" data-field-id=\"2\"><label class=\"wpforms-field-label\" for=\"wpforms-77-field_2\">Votre message <span class=\"wpforms-required-label\">*<\/span><\/label><textarea id=\"wpforms-77-field_2\" class=\"wpforms-field-medium wpforms-field-required\" name=\"wpforms[fields][2]\" required><\/textarea><\/div><div id=\"wpforms-77-field_4-container\" class=\"wpforms-field wpforms-field-gdpr-checkbox\" data-field-id=\"4\"><label class=\"wpforms-field-label\">Accord RGPD <span class=\"wpforms-required-label\">*<\/span><\/label><ul id=\"wpforms-77-field_4\" class=\"wpforms-field-required\"><li class=\"choice-1\"><input type=\"checkbox\" id=\"wpforms-77-field_4_1\" name=\"wpforms[fields][4][]\" value=\"Je consens \u00e0 ce que peintrecollin.com utilise mes informations afin qu\u2019il puisse r\u00e9pondre \u00e0 ma requ\u00eate.\" required ><label class=\"wpforms-field-label-inline\" for=\"wpforms-77-field_4_1\">Je consens \u00e0 ce que peintrecollin.com utilise mes informations afin qu\u2019il puisse r\u00e9pondre \u00e0 ma requ\u00eate.<\/label><\/li><\/ul><\/div><\/div><!-- .wpforms-field-container --><div class=\"wpforms-recaptcha-container wpforms-is-recaptcha wpforms-is-recaptcha-type-v3\" ><input type=\"hidden\" name=\"wpforms[recaptcha]\" value=\"\"><\/div><div class=\"wpforms-submit-container\" ><input type=\"hidden\" name=\"wpforms[id]\" value=\"77\"><input type=\"hidden\" name=\"page_title\" value=\"\"><input type=\"hidden\" name=\"page_url\" value=\"https:\/\/www.peintrecollin.com\/pcw\/wp-json\/wp\/v2\/pages\/12\"><input type=\"hidden\" name=\"url_referer\" value=\"\"><button type=\"submit\" name=\"wpforms[submit]\" id=\"wpforms-submit-77\" class=\"wpforms-submit boutonContactEnvoi\" data-alt-text=\"Envoi...\" data-submit-text=\"Envoyer\" aria-live=\"assertive\" value=\"wpforms-submit\">Envoyer<\/button><\/div><\/form><\/div>  <!-- .wpforms-container -->\n\n\n<p><\/p>\n<\/div>\n<\/div>\n<\/div><\/div>\n","protected":false},"excerpt":{"rendered":"<p>Bienvenue ! Peintre autodidacte, je n&rsquo;ai cess\u00e9 de m&rsquo;enthousiasmer pour le dessin et la peinture d\u00e8s que j&rsquo;ai su tenir un crayon dans la main. D\u00e8s mon plus jeune \u00e2ge, les contacts r\u00e9guliers avec mon Grand-oncle Anthime, peintre normand, a probablement particip\u00e9 au d\u00e9veloppement de cette sensibilit\u00e9 aux arts plastiques. Il adorait nous emmener \u00e0 [&hellip;]<\/p>\n","protected":false},"author":1,"featured_media":0,"parent":0,"menu_order":0,"comment_status":"closed","ping_status":"closed","template":"template-fullwidth.php","meta":{"footnotes":""},"class_list":["post-12","page","type-page","status-publish","hentry"],"yoast_head":"<!-- This site is optimized with the Yoast SEO plugin v27.5 - https:\/\/yoast.com\/product\/yoast-seo-wordpress\/ -->\n<title>Fran\u00e7ois Collin - Artiste Peintre - Chartres Beauce Perche Bretagne<\/title>\n<meta name=\"description\" content=\"Peintures de l&#039;artiste peintre Fran\u00e7ois COLLIN, proche de Chartres en Eure-et-Loir. Tableaux de Beauce, du Perche et de la Bretagne.\" \/>\n<meta name=\"robots\" content=\"index, follow, max-snippet:-1, max-image-preview:large, max-video-preview:-1\" \/>\n<link rel=\"canonical\" href=\"https:\/\/www.peintrecollin.com\/pcw\/fco_page-accueil\/\" \/>\n<meta property=\"og:locale\" content=\"fr_FR\" \/>\n<meta property=\"og:type\" content=\"article\" \/>\n<meta property=\"og:title\" content=\"Fran\u00e7ois Collin - Artiste Peintre - Chartres Beauce Perche Bretagne\" \/>\n<meta property=\"og:description\" content=\"Peintures de l&#039;artiste peintre Fran\u00e7ois COLLIN, proche de Chartres en Eure-et-Loir. Tableaux de Beauce, du Perche et de la Bretagne.\" \/>\n<meta property=\"og:url\" content=\"https:\/\/www.peintrecollin.com\/pcw\/fco_page-accueil\/\" \/>\n<meta property=\"og:site_name\" content=\"Fran\u00e7ois Collin\" \/>\n<meta property=\"article:modified_time\" content=\"2021-02-23T18:26:59+00:00\" \/>\n<meta name=\"twitter:card\" content=\"summary_large_image\" \/>\n<script type=\"application\/ld+json\" class=\"yoast-schema-graph\">{\"@context\":\"https:\\\/\\\/schema.org\",\"@graph\":[{\"@type\":\"WebPage\",\"@id\":\"https:\\\/\\\/www.peintrecollin.com\\\/pcw\\\/fco_page-accueil\\\/\",\"url\":\"https:\\\/\\\/www.peintrecollin.com\\\/pcw\\\/fco_page-accueil\\\/\",\"name\":\"Fran\u00e7ois Collin - Artiste Peintre - Chartres Beauce Perche Bretagne\",\"isPartOf\":{\"@id\":\"https:\\\/\\\/www.peintrecollin.com\\\/pcw\\\/#website\"},\"datePublished\":\"2021-01-17T17:41:26+00:00\",\"dateModified\":\"2021-02-23T18:26:59+00:00\",\"description\":\"Peintures de l'artiste peintre Fran\u00e7ois COLLIN, proche de Chartres en Eure-et-Loir. Tableaux de Beauce, du Perche et de la Bretagne.\",\"breadcrumb\":{\"@id\":\"https:\\\/\\\/www.peintrecollin.com\\\/pcw\\\/fco_page-accueil\\\/#breadcrumb\"},\"inLanguage\":\"fr-FR\",\"potentialAction\":[{\"@type\":\"ReadAction\",\"target\":[\"https:\\\/\\\/www.peintrecollin.com\\\/pcw\\\/fco_page-accueil\\\/\"]}]},{\"@type\":\"BreadcrumbList\",\"@id\":\"https:\\\/\\\/www.peintrecollin.com\\\/pcw\\\/fco_page-accueil\\\/#breadcrumb\",\"itemListElement\":[{\"@type\":\"ListItem\",\"position\":1,\"name\":\"Accueil\",\"item\":\"https:\\\/\\\/www.peintrecollin.com\\\/pcw\\\/\"},{\"@type\":\"ListItem\",\"position\":2,\"name\":\"Accueil\"}]},{\"@type\":\"WebSite\",\"@id\":\"https:\\\/\\\/www.peintrecollin.com\\\/pcw\\\/#website\",\"url\":\"https:\\\/\\\/www.peintrecollin.com\\\/pcw\\\/\",\"name\":\"Fran\u00e7ois Collin\",\"description\":\"Siret : 792 687 972 00010 - APE : 9003A\",\"publisher\":{\"@id\":\"https:\\\/\\\/www.peintrecollin.com\\\/pcw\\\/#\\\/schema\\\/person\\\/cd114f0559048a553ef862492872ea03\"},\"potentialAction\":[{\"@type\":\"SearchAction\",\"target\":{\"@type\":\"EntryPoint\",\"urlTemplate\":\"https:\\\/\\\/www.peintrecollin.com\\\/pcw\\\/?s={search_term_string}\"},\"query-input\":{\"@type\":\"PropertyValueSpecification\",\"valueRequired\":true,\"valueName\":\"search_term_string\"}}],\"inLanguage\":\"fr-FR\"},{\"@type\":[\"Person\",\"Organization\"],\"@id\":\"https:\\\/\\\/www.peintrecollin.com\\\/pcw\\\/#\\\/schema\\\/person\\\/cd114f0559048a553ef862492872ea03\",\"name\":\"Fran\u00e7ois Collin\",\"image\":{\"@type\":\"ImageObject\",\"inLanguage\":\"fr-FR\",\"@id\":\"https:\\\/\\\/www.peintrecollin.com\\\/pcw\\\/wp-content\\\/uploads\\\/2021\\\/01\\\/signature-peintre-collin-peinture-huile.png\",\"url\":\"https:\\\/\\\/www.peintrecollin.com\\\/pcw\\\/wp-content\\\/uploads\\\/2021\\\/01\\\/signature-peintre-collin-peinture-huile.png\",\"contentUrl\":\"https:\\\/\\\/www.peintrecollin.com\\\/pcw\\\/wp-content\\\/uploads\\\/2021\\\/01\\\/signature-peintre-collin-peinture-huile.png\",\"width\":794,\"height\":499,\"caption\":\"Fran\u00e7ois Collin\"},\"logo\":{\"@id\":\"https:\\\/\\\/www.peintrecollin.com\\\/pcw\\\/wp-content\\\/uploads\\\/2021\\\/01\\\/signature-peintre-collin-peinture-huile.png\"},\"sameAs\":[\"https:\\\/\\\/www.peintrecollin.com\\\/pcw\"]}]}<\/script>\n<!-- \/ Yoast SEO plugin. -->","yoast_head_json":{"title":"Fran\u00e7ois Collin - Artiste Peintre - Chartres Beauce Perche Bretagne","description":"Peintures de l'artiste peintre Fran\u00e7ois COLLIN, proche de Chartres en Eure-et-Loir. Tableaux de Beauce, du Perche et de la Bretagne.","robots":{"index":"index","follow":"follow","max-snippet":"max-snippet:-1","max-image-preview":"max-image-preview:large","max-video-preview":"max-video-preview:-1"},"canonical":"https:\/\/www.peintrecollin.com\/pcw\/fco_page-accueil\/","og_locale":"fr_FR","og_type":"article","og_title":"Fran\u00e7ois Collin - Artiste Peintre - Chartres Beauce Perche Bretagne","og_description":"Peintures de l'artiste peintre Fran\u00e7ois COLLIN, proche de Chartres en Eure-et-Loir. Tableaux de Beauce, du Perche et de la Bretagne.","og_url":"https:\/\/www.peintrecollin.com\/pcw\/fco_page-accueil\/","og_site_name":"Fran\u00e7ois Collin","article_modified_time":"2021-02-23T18:26:59+00:00","twitter_card":"summary_large_image","schema":{"@context":"https:\/\/schema.org","@graph":[{"@type":"WebPage","@id":"https:\/\/www.peintrecollin.com\/pcw\/fco_page-accueil\/","url":"https:\/\/www.peintrecollin.com\/pcw\/fco_page-accueil\/","name":"Fran\u00e7ois Collin - Artiste Peintre - Chartres Beauce Perche Bretagne","isPartOf":{"@id":"https:\/\/www.peintrecollin.com\/pcw\/#website"},"datePublished":"2021-01-17T17:41:26+00:00","dateModified":"2021-02-23T18:26:59+00:00","description":"Peintures de l'artiste peintre Fran\u00e7ois COLLIN, proche de Chartres en Eure-et-Loir. Tableaux de Beauce, du Perche et de la Bretagne.","breadcrumb":{"@id":"https:\/\/www.peintrecollin.com\/pcw\/fco_page-accueil\/#breadcrumb"},"inLanguage":"fr-FR","potentialAction":[{"@type":"ReadAction","target":["https:\/\/www.peintrecollin.com\/pcw\/fco_page-accueil\/"]}]},{"@type":"BreadcrumbList","@id":"https:\/\/www.peintrecollin.com\/pcw\/fco_page-accueil\/#breadcrumb","itemListElement":[{"@type":"ListItem","position":1,"name":"Accueil","item":"https:\/\/www.peintrecollin.com\/pcw\/"},{"@type":"ListItem","position":2,"name":"Accueil"}]},{"@type":"WebSite","@id":"https:\/\/www.peintrecollin.com\/pcw\/#website","url":"https:\/\/www.peintrecollin.com\/pcw\/","name":"Fran\u00e7ois Collin","description":"Siret : 792 687 972 00010 - APE : 9003A","publisher":{"@id":"https:\/\/www.peintrecollin.com\/pcw\/#\/schema\/person\/cd114f0559048a553ef862492872ea03"},"potentialAction":[{"@type":"SearchAction","target":{"@type":"EntryPoint","urlTemplate":"https:\/\/www.peintrecollin.com\/pcw\/?s={search_term_string}"},"query-input":{"@type":"PropertyValueSpecification","valueRequired":true,"valueName":"search_term_string"}}],"inLanguage":"fr-FR"},{"@type":["Person","Organization"],"@id":"https:\/\/www.peintrecollin.com\/pcw\/#\/schema\/person\/cd114f0559048a553ef862492872ea03","name":"Fran\u00e7ois Collin","image":{"@type":"ImageObject","inLanguage":"fr-FR","@id":"https:\/\/www.peintrecollin.com\/pcw\/wp-content\/uploads\/2021\/01\/signature-peintre-collin-peinture-huile.png","url":"https:\/\/www.peintrecollin.com\/pcw\/wp-content\/uploads\/2021\/01\/signature-peintre-collin-peinture-huile.png","contentUrl":"https:\/\/www.peintrecollin.com\/pcw\/wp-content\/uploads\/2021\/01\/signature-peintre-collin-peinture-huile.png","width":794,"height":499,"caption":"Fran\u00e7ois Collin"},"logo":{"@id":"https:\/\/www.peintrecollin.com\/pcw\/wp-content\/uploads\/2021\/01\/signature-peintre-collin-peinture-huile.png"},"sameAs":["https:\/\/www.peintrecollin.com\/pcw"]}]}},"_links":{"self":[{"href":"https:\/\/www.peintrecollin.com\/pcw\/wp-json\/wp\/v2\/pages\/12","targetHints":{"allow":["GET"]}}],"collection":[{"href":"https:\/\/www.peintrecollin.com\/pcw\/wp-json\/wp\/v2\/pages"}],"about":[{"href":"https:\/\/www.peintrecollin.com\/pcw\/wp-json\/wp\/v2\/types\/page"}],"author":[{"embeddable":true,"href":"https:\/\/www.peintrecollin.com\/pcw\/wp-json\/wp\/v2\/users\/1"}],"replies":[{"embeddable":true,"href":"https:\/\/www.peintrecollin.com\/pcw\/wp-json\/wp\/v2\/comments?post=12"}],"version-history":[{"count":5,"href":"https:\/\/www.peintrecollin.com\/pcw\/wp-json\/wp\/v2\/pages\/12\/revisions"}],"predecessor-version":[{"id":349,"href":"https:\/\/www.peintrecollin.com\/pcw\/wp-json\/wp\/v2\/pages\/12\/revisions\/349"}],"wp:attachment":[{"href":"https:\/\/www.peintrecollin.com\/pcw\/wp-json\/wp\/v2\/media?parent=12"}],"curies":[{"name":"wp","href":"https:\/\/api.w.org\/{rel}","templated":true}]}}