{"id":27,"date":"2021-01-17T20:34:30","date_gmt":"2021-01-17T19:34:30","guid":{"rendered":"https:\/\/www.peintrecollin.com\/pcw\/?page_id=27"},"modified":"2021-02-23T00:19:10","modified_gmt":"2021-02-22T23:19:10","slug":"fco_page-contact","status":"publish","type":"page","link":"https:\/\/www.peintrecollin.com\/pcw\/fco_page-contact\/","title":{"rendered":"Contact"},"content":{"rendered":"<div class=\"wpforms-container wpforms-container-full wpforms-block formulaireContact\" id=\"wpforms-77\"><form id=\"wpforms-form-77\" class=\"wpforms-validate wpforms-form\" data-formid=\"77\" method=\"post\" enctype=\"multipart\/form-data\" action=\"\/pcw\/wp-json\/wp\/v2\/pages\/27\" data-token=\"04955f45c43b611834cd8164f97f2c0c\" data-token-time=\"1777731203\"><noscript class=\"wpforms-error-noscript\">Veuillez activer JavaScript dans votre navigateur pour remplir ce formulaire.<\/noscript><div class=\"wpforms-field-container\"><div id=\"wpforms-77-field_0-container\" class=\"wpforms-field wpforms-field-name nomClient\" data-field-id=\"0\"><label class=\"wpforms-field-label\" for=\"wpforms-77-field_0\">Nom <span class=\"wpforms-required-label\">*<\/span><\/label><input type=\"text\" id=\"wpforms-77-field_0\" class=\"wpforms-field-medium wpforms-field-required\" name=\"wpforms[fields][0]\" required><\/div><div id=\"wpforms-77-field_1-container\" class=\"wpforms-field wpforms-field-email mailClient\" data-field-id=\"1\"><label class=\"wpforms-field-label\" for=\"wpforms-77-field_1\">E-mail <span class=\"wpforms-required-label\">*<\/span><\/label><input type=\"email\" id=\"wpforms-77-field_1\" class=\"wpforms-field-medium wpforms-field-required\" name=\"wpforms[fields][1]\" spellcheck=\"false\" required><\/div><div id=\"wpforms-77-field_3-container\" class=\"wpforms-field wpforms-field-radio objetClient wpforms-list-inline\" data-field-id=\"3\"><label class=\"wpforms-field-label\">Objet <span class=\"wpforms-required-label\">*<\/span><\/label><ul id=\"wpforms-77-field_3\" class=\"wpforms-field-required\"><li class=\"choice-1 depth-1\"><input type=\"radio\" id=\"wpforms-77-field_3_1\" name=\"wpforms[fields][3]\" value=\"Visiter l&#039;atelier\" required ><label class=\"wpforms-field-label-inline\" for=\"wpforms-77-field_3_1\">Visiter l&rsquo;atelier<\/label><\/li><li class=\"choice-2 depth-1\"><input type=\"radio\" id=\"wpforms-77-field_3_2\" name=\"wpforms[fields][3]\" value=\"R\u00e9aliser un tableau sur commande\" required ><label class=\"wpforms-field-label-inline\" for=\"wpforms-77-field_3_2\">R\u00e9aliser un tableau sur commande<\/label><\/li><li class=\"choice-5 depth-1\"><input type=\"radio\" id=\"wpforms-77-field_3_5\" name=\"wpforms[fields][3]\" value=\"Salon, Foire, Exposition\" required ><label class=\"wpforms-field-label-inline\" for=\"wpforms-77-field_3_5\">Salon, Foire, Exposition<\/label><\/li><li class=\"choice-6 depth-1\"><input type=\"radio\" id=\"wpforms-77-field_3_6\" name=\"wpforms[fields][3]\" value=\"Galerie d&#039;Art\" required ><label class=\"wpforms-field-label-inline\" for=\"wpforms-77-field_3_6\">Galerie d&rsquo;Art<\/label><\/li><li class=\"choice-3 depth-1\"><input type=\"radio\" id=\"wpforms-77-field_3_3\" name=\"wpforms[fields][3]\" value=\"Autre\" required ><label class=\"wpforms-field-label-inline\" for=\"wpforms-77-field_3_3\">Autre<\/label><\/li><\/ul><\/div><div id=\"wpforms-77-field_2-container\" class=\"wpforms-field wpforms-field-textarea messageClient\" data-field-id=\"2\"><label class=\"wpforms-field-label\" for=\"wpforms-77-field_2\">Votre message <span class=\"wpforms-required-label\">*<\/span><\/label><textarea id=\"wpforms-77-field_2\" class=\"wpforms-field-medium wpforms-field-required\" name=\"wpforms[fields][2]\" required><\/textarea><\/div><div id=\"wpforms-77-field_4-container\" class=\"wpforms-field wpforms-field-gdpr-checkbox\" data-field-id=\"4\"><label class=\"wpforms-field-label\">Accord RGPD <span class=\"wpforms-required-label\">*<\/span><\/label><ul id=\"wpforms-77-field_4\" class=\"wpforms-field-required\"><li class=\"choice-1\"><input type=\"checkbox\" id=\"wpforms-77-field_4_1\" name=\"wpforms[fields][4][]\" value=\"Je consens \u00e0 ce que peintrecollin.com utilise mes informations afin qu\u2019il puisse r\u00e9pondre \u00e0 ma requ\u00eate.\" required ><label class=\"wpforms-field-label-inline\" for=\"wpforms-77-field_4_1\">Je consens \u00e0 ce que peintrecollin.com utilise mes informations afin qu\u2019il puisse r\u00e9pondre \u00e0 ma requ\u00eate.<\/label><\/li><\/ul><\/div><\/div><!-- .wpforms-field-container --><div class=\"wpforms-recaptcha-container wpforms-is-recaptcha wpforms-is-recaptcha-type-v3\" ><input type=\"hidden\" name=\"wpforms[recaptcha]\" value=\"\"><\/div><div class=\"wpforms-submit-container\" ><input type=\"hidden\" name=\"wpforms[id]\" value=\"77\"><input type=\"hidden\" name=\"page_title\" value=\"\"><input type=\"hidden\" name=\"page_url\" value=\"https:\/\/www.peintrecollin.com\/pcw\/wp-json\/wp\/v2\/pages\/27\"><input type=\"hidden\" name=\"url_referer\" value=\"\"><button type=\"submit\" name=\"wpforms[submit]\" id=\"wpforms-submit-77\" class=\"wpforms-submit boutonContactEnvoi\" data-alt-text=\"Envoi...\" data-submit-text=\"Envoyer\" aria-live=\"assertive\" value=\"wpforms-submit\">Envoyer<\/button><\/div><\/form><\/div>  <!-- .wpforms-container -->","protected":false},"excerpt":{"rendered":"","protected":false},"author":1,"featured_media":0,"parent":0,"menu_order":0,"comment_status":"closed","ping_status":"closed","template":"","meta":{"footnotes":""},"class_list":["post-27","page","type-page","status-publish","hentry"],"yoast_head":"<!-- This site is optimized with the Yoast SEO plugin v27.0 - https:\/\/yoast.com\/product\/yoast-seo-wordpress\/ -->\n<title>Contact - Fran\u00e7ois Collin - Artiste Peintre - Beauce Perche Bretagne<\/title>\n<meta name=\"description\" content=\"Pour contacter l&#039;artiste peintre Fran\u00e7ois COLLIN, laisser un message. Possible \u00e9galement de convenir d&#039;une visite \u00e0 l&#039;atelier galerie.\" \/>\n<meta name=\"robots\" content=\"index, follow, max-snippet:-1, max-image-preview:large, max-video-preview:-1\" \/>\n<link rel=\"canonical\" href=\"https:\/\/www.peintrecollin.com\/pcw\/fco_page-contact\/\" \/>\n<meta property=\"og:locale\" content=\"fr_FR\" \/>\n<meta property=\"og:type\" content=\"article\" \/>\n<meta property=\"og:title\" content=\"Contact - Fran\u00e7ois Collin - Artiste Peintre - Beauce Perche Bretagne\" \/>\n<meta property=\"og:description\" content=\"Pour contacter l&#039;artiste peintre Fran\u00e7ois COLLIN, laisser un message. Possible \u00e9galement de convenir d&#039;une visite \u00e0 l&#039;atelier galerie.\" \/>\n<meta property=\"og:url\" content=\"https:\/\/www.peintrecollin.com\/pcw\/fco_page-contact\/\" \/>\n<meta property=\"og:site_name\" content=\"Fran\u00e7ois Collin\" \/>\n<meta property=\"article:modified_time\" content=\"2021-02-22T23:19:10+00:00\" \/>\n<meta name=\"twitter:card\" content=\"summary_large_image\" \/>\n<script type=\"application\/ld+json\" class=\"yoast-schema-graph\">{\"@context\":\"https:\/\/schema.org\",\"@graph\":[{\"@type\":[\"WebPage\",\"ContactPage\"],\"@id\":\"https:\/\/www.peintrecollin.com\/pcw\/fco_page-contact\/\",\"url\":\"https:\/\/www.peintrecollin.com\/pcw\/fco_page-contact\/\",\"name\":\"Contact - Fran\u00e7ois Collin - Artiste Peintre - Beauce Perche Bretagne\",\"isPartOf\":{\"@id\":\"https:\/\/www.peintrecollin.com\/pcw\/#website\"},\"datePublished\":\"2021-01-17T19:34:30+00:00\",\"dateModified\":\"2021-02-22T23:19:10+00:00\",\"description\":\"Pour contacter l'artiste peintre Fran\u00e7ois COLLIN, laisser un message. Possible \u00e9galement de convenir d'une visite \u00e0 l'atelier galerie.\",\"breadcrumb\":{\"@id\":\"https:\/\/www.peintrecollin.com\/pcw\/fco_page-contact\/#breadcrumb\"},\"inLanguage\":\"fr-FR\",\"potentialAction\":[{\"@type\":\"ReadAction\",\"target\":[\"https:\/\/www.peintrecollin.com\/pcw\/fco_page-contact\/\"]}]},{\"@type\":\"BreadcrumbList\",\"@id\":\"https:\/\/www.peintrecollin.com\/pcw\/fco_page-contact\/#breadcrumb\",\"itemListElement\":[{\"@type\":\"ListItem\",\"position\":1,\"name\":\"Accueil\",\"item\":\"https:\/\/www.peintrecollin.com\/pcw\/\"},{\"@type\":\"ListItem\",\"position\":2,\"name\":\"Contact\"}]},{\"@type\":\"WebSite\",\"@id\":\"https:\/\/www.peintrecollin.com\/pcw\/#website\",\"url\":\"https:\/\/www.peintrecollin.com\/pcw\/\",\"name\":\"Fran\u00e7ois Collin\",\"description\":\"Siret : 792 687 972 00010 - APE : 9003A\",\"publisher\":{\"@id\":\"https:\/\/www.peintrecollin.com\/pcw\/#\/schema\/person\/cd114f0559048a553ef862492872ea03\"},\"potentialAction\":[{\"@type\":\"SearchAction\",\"target\":{\"@type\":\"EntryPoint\",\"urlTemplate\":\"https:\/\/www.peintrecollin.com\/pcw\/?s={search_term_string}\"},\"query-input\":{\"@type\":\"PropertyValueSpecification\",\"valueRequired\":true,\"valueName\":\"search_term_string\"}}],\"inLanguage\":\"fr-FR\"},{\"@type\":[\"Person\",\"Organization\"],\"@id\":\"https:\/\/www.peintrecollin.com\/pcw\/#\/schema\/person\/cd114f0559048a553ef862492872ea03\",\"name\":\"Fran\u00e7ois Collin\",\"image\":{\"@type\":\"ImageObject\",\"inLanguage\":\"fr-FR\",\"@id\":\"https:\/\/www.peintrecollin.com\/pcw\/#\/schema\/person\/image\/\",\"url\":\"https:\/\/www.peintrecollin.com\/pcw\/wp-content\/uploads\/2021\/01\/signature-peintre-collin-peinture-huile.png\",\"contentUrl\":\"https:\/\/www.peintrecollin.com\/pcw\/wp-content\/uploads\/2021\/01\/signature-peintre-collin-peinture-huile.png\",\"width\":794,\"height\":499,\"caption\":\"Fran\u00e7ois Collin\"},\"logo\":{\"@id\":\"https:\/\/www.peintrecollin.com\/pcw\/#\/schema\/person\/image\/\"},\"sameAs\":[\"https:\/\/www.peintrecollin.com\/pcw\"]}]}<\/script>\n<!-- \/ Yoast SEO plugin. -->","yoast_head_json":{"title":"Contact - Fran\u00e7ois Collin - Artiste Peintre - Beauce Perche Bretagne","description":"Pour contacter l'artiste peintre Fran\u00e7ois COLLIN, laisser un message. Possible \u00e9galement de convenir d'une visite \u00e0 l'atelier galerie.","robots":{"index":"index","follow":"follow","max-snippet":"max-snippet:-1","max-image-preview":"max-image-preview:large","max-video-preview":"max-video-preview:-1"},"canonical":"https:\/\/www.peintrecollin.com\/pcw\/fco_page-contact\/","og_locale":"fr_FR","og_type":"article","og_title":"Contact - Fran\u00e7ois Collin - Artiste Peintre - Beauce Perche Bretagne","og_description":"Pour contacter l'artiste peintre Fran\u00e7ois COLLIN, laisser un message. Possible \u00e9galement de convenir d'une visite \u00e0 l'atelier galerie.","og_url":"https:\/\/www.peintrecollin.com\/pcw\/fco_page-contact\/","og_site_name":"Fran\u00e7ois Collin","article_modified_time":"2021-02-22T23:19:10+00:00","twitter_card":"summary_large_image","schema":{"@context":"https:\/\/schema.org","@graph":[{"@type":["WebPage","ContactPage"],"@id":"https:\/\/www.peintrecollin.com\/pcw\/fco_page-contact\/","url":"https:\/\/www.peintrecollin.com\/pcw\/fco_page-contact\/","name":"Contact - Fran\u00e7ois Collin - Artiste Peintre - Beauce Perche Bretagne","isPartOf":{"@id":"https:\/\/www.peintrecollin.com\/pcw\/#website"},"datePublished":"2021-01-17T19:34:30+00:00","dateModified":"2021-02-22T23:19:10+00:00","description":"Pour contacter l'artiste peintre Fran\u00e7ois COLLIN, laisser un message. Possible \u00e9galement de convenir d'une visite \u00e0 l'atelier galerie.","breadcrumb":{"@id":"https:\/\/www.peintrecollin.com\/pcw\/fco_page-contact\/#breadcrumb"},"inLanguage":"fr-FR","potentialAction":[{"@type":"ReadAction","target":["https:\/\/www.peintrecollin.com\/pcw\/fco_page-contact\/"]}]},{"@type":"BreadcrumbList","@id":"https:\/\/www.peintrecollin.com\/pcw\/fco_page-contact\/#breadcrumb","itemListElement":[{"@type":"ListItem","position":1,"name":"Accueil","item":"https:\/\/www.peintrecollin.com\/pcw\/"},{"@type":"ListItem","position":2,"name":"Contact"}]},{"@type":"WebSite","@id":"https:\/\/www.peintrecollin.com\/pcw\/#website","url":"https:\/\/www.peintrecollin.com\/pcw\/","name":"Fran\u00e7ois Collin","description":"Siret : 792 687 972 00010 - APE : 9003A","publisher":{"@id":"https:\/\/www.peintrecollin.com\/pcw\/#\/schema\/person\/cd114f0559048a553ef862492872ea03"},"potentialAction":[{"@type":"SearchAction","target":{"@type":"EntryPoint","urlTemplate":"https:\/\/www.peintrecollin.com\/pcw\/?s={search_term_string}"},"query-input":{"@type":"PropertyValueSpecification","valueRequired":true,"valueName":"search_term_string"}}],"inLanguage":"fr-FR"},{"@type":["Person","Organization"],"@id":"https:\/\/www.peintrecollin.com\/pcw\/#\/schema\/person\/cd114f0559048a553ef862492872ea03","name":"Fran\u00e7ois Collin","image":{"@type":"ImageObject","inLanguage":"fr-FR","@id":"https:\/\/www.peintrecollin.com\/pcw\/#\/schema\/person\/image\/","url":"https:\/\/www.peintrecollin.com\/pcw\/wp-content\/uploads\/2021\/01\/signature-peintre-collin-peinture-huile.png","contentUrl":"https:\/\/www.peintrecollin.com\/pcw\/wp-content\/uploads\/2021\/01\/signature-peintre-collin-peinture-huile.png","width":794,"height":499,"caption":"Fran\u00e7ois Collin"},"logo":{"@id":"https:\/\/www.peintrecollin.com\/pcw\/#\/schema\/person\/image\/"},"sameAs":["https:\/\/www.peintrecollin.com\/pcw"]}]}},"_links":{"self":[{"href":"https:\/\/www.peintrecollin.com\/pcw\/wp-json\/wp\/v2\/pages\/27","targetHints":{"allow":["GET"]}}],"collection":[{"href":"https:\/\/www.peintrecollin.com\/pcw\/wp-json\/wp\/v2\/pages"}],"about":[{"href":"https:\/\/www.peintrecollin.com\/pcw\/wp-json\/wp\/v2\/types\/page"}],"author":[{"embeddable":true,"href":"https:\/\/www.peintrecollin.com\/pcw\/wp-json\/wp\/v2\/users\/1"}],"replies":[{"embeddable":true,"href":"https:\/\/www.peintrecollin.com\/pcw\/wp-json\/wp\/v2\/comments?post=27"}],"version-history":[{"count":5,"href":"https:\/\/www.peintrecollin.com\/pcw\/wp-json\/wp\/v2\/pages\/27\/revisions"}],"predecessor-version":[{"id":345,"href":"https:\/\/www.peintrecollin.com\/pcw\/wp-json\/wp\/v2\/pages\/27\/revisions\/345"}],"wp:attachment":[{"href":"https:\/\/www.peintrecollin.com\/pcw\/wp-json\/wp\/v2\/media?parent=27"}],"curies":[{"name":"wp","href":"https:\/\/api.w.org\/{rel}","templated":true}]}}