{"id":3,"date":"2021-01-17T17:31:39","date_gmt":"2021-01-17T16:31:39","guid":{"rendered":"https:\/\/www.peintrecollin.com\/pcw\/?page_id=3"},"modified":"2021-02-23T22:34:42","modified_gmt":"2021-02-23T21:34:42","slug":"politique-de-confidentialite","status":"publish","type":"page","link":"https:\/\/www.peintrecollin.com\/pcw\/politique-de-confidentialite\/","title":{"rendered":"Politique de confidentialit\u00e9 (RGPD)"},"content":{"rendered":"\n<h2 class=\"wp-block-heading\">Qui suis-je&nbsp;?<\/h2>\n\n\n\n<p>Fran\u00e7ois Collin, artiste peintre, r\u00e9sidant en France.<br>L\u2019adresse du site : https:\/\/www.peintrecollin.com<br>Le mail de contact : peintre.collin@orange.fr <\/p>\n\n\n\n<p>Siret : 792 687 972 00010<br>APE : 9003A (Cr\u00e9ation artistique relevant des arts plastiques)<br>N\u00b0&nbsp;ordre&nbsp;MDA&nbsp;(Maison&nbsp;Des&nbsp;Artistes)&nbsp;:&nbsp;CB74407<\/p>\n\n\n\n<h2 class=\"wp-block-heading\">Utilisation des donn\u00e9es personnelles collect\u00e9es<\/h2>\n\n\n\n<h3 class=\"wp-block-heading\">Formulaire de contact<\/h3>\n\n\n\n<p>Les informations personnelles collect\u00e9es sur le formulaire de contact ne servent uniquement qu&rsquo;\u00e0 concevoir un mail, qui sera ensuite envoy\u00e9 \u00e0 peintre.collin@orange.fr. Ces informations sont votre nom, votre adresse mail, l&rsquo;objet du contact et votre message. Aucune sauvegarde de ces donn\u00e9es n&rsquo;est effectu\u00e9e dans la base de donn\u00e9e du site peintrecollin.com.<\/p>\n\n\n\n<h3 class=\"wp-block-heading\">Formulaire de cr\u00e9ation du compte<\/h3>\n\n\n\n<div class=\"wp-block-group\"><div class=\"wp-block-group__inner-container is-layout-flow wp-block-group-is-layout-flow\">\n<div class=\"wp-block-group\"><div class=\"wp-block-group__inner-container is-layout-flow wp-block-group-is-layout-flow\">\n<p>Les informations personnelles collect\u00e9es au travers de la cr\u00e9ation de votre compte sont stock\u00e9es dans la base de donn\u00e9e du site peintrecollin.com. Elles permettent de g\u00e9rer correctement votre compte. Notamment la cr\u00e9ation, le paiement, l&rsquo;envoi postal et le suivi de vos commandes.<br>Ces informations sont : <\/p>\n\n\n\n<ul class=\"wp-block-list\"><li>Nom, Pr\u00e9nom<\/li><li>Adresse postale de facturation<\/li><li>Adresse postale de livraison<\/li><li>Adresse mail<\/li><li>Num\u00e9ro de t\u00e9l\u00e9phone<\/li><li>Les commandes (titre des tableaux, prix unitaire, prix total)<\/li><\/ul>\n<\/div><\/div>\n<\/div><\/div>\n\n\n\n<h3 class=\"wp-block-heading\">Cookies<\/h3>\n\n\n\n<p>Lors de la consultation du site peintrecollin.com, un message vous pr\u00e9cisera que des cookies sont utilis\u00e9s. Ces cookies sont n\u00e9cessaires pour vous garantir la meilleure exp\u00e9rience de navigation. Si vous continuez \u00e0 utiliser ce site, cela suppose que vous en \u00eates satisfait.<\/p>\n\n\n\n<p>Si vous vous rendez sur la page de connexion, un cookie temporaire sera cr\u00e9\u00e9 afin de d\u00e9terminer si votre navigateur accepte les cookies. Il ne contient pas de donn\u00e9es personnelles et sera supprim\u00e9 automatiquement \u00e0 la fermeture de votre navigateur.<\/p>\n\n\n\n<p>Lorsque vous vous connecterez, le site mettra en place un certain nombre de cookies pour enregistrer vos informations de connexion et vos pr\u00e9f\u00e9rences d\u2019\u00e9cran. La dur\u00e9e de vie d\u2019un cookie de connexion est de deux jours, celle d\u2019un cookie d\u2019option d\u2019\u00e9cran est d\u2019un an. Si vous cochez \u00ab&nbsp;Se souvenir de moi&nbsp;\u00bb, votre cookie de connexion sera conserv\u00e9 pendant deux semaines. Si vous vous d\u00e9connectez de votre compte, le cookie de connexion sera effac\u00e9.<\/p>\n\n\n\n<p>D&rsquo;autres cookies peuvent \u00eatre utilis\u00e9s, comme ceux g\u00e9rer par Paypal lors du paiement. Plus d&rsquo;information sur leur page de <a href=\"https:\/\/www.paypal.com\/fr\/webapps\/mpp\/ua\/privacy-full\">politique de confidentialit\u00e9<\/a>.<\/p>\n\n\n\n<h2 class=\"wp-block-heading\">Utilisation et transmission de vos donn\u00e9es personnelles<\/h2>\n\n\n\n<p>Si vous demandez une r\u00e9initialisation de votre mot de passe, votre adresse IP sera incluse dans l\u2019e-mail de r\u00e9initialisation.<\/p>\n\n\n\n<p>peintrecollin.com accepte les paiements par PayPal. Lors du traitement des paiements, certains donn\u00e9es seront transmises \u00e0 PayPal, incluant les informations obligatoires \u00e0 l\u2019ex\u00e9cution du paiement, tel que le montant total ou les informations de facturation.<\/p>\n\n\n\n<ul class=\"wp-block-list\"><li>Nom, Pr\u00e9nom<\/li><li>Adresse de facturation ou livraison<\/li><li>Montant total de la commande<\/li><\/ul>\n\n\n\n<p>Plus d&rsquo;information sur la page de <a href=\"https:\/\/www.paypal.com\/fr\/webapps\/mpp\/ua\/privacy-full\">politique de confidentialit\u00e9<\/a> de Paypal.<\/p>\n\n\n\n<h2 class=\"wp-block-heading\">Dur\u00e9es de stockage de vos donn\u00e9es<\/h2>\n\n\n\n<p>Vous pouvez voir, modifier ou supprimer vos informations personnelles \u00e0 tout moment (\u00e0 l\u2019exception des identifiants). <\/p>\n\n\n\n<h2 class=\"wp-block-heading\">Les droits que vous avez sur vos donn\u00e9es<\/h2>\n\n\n\n<p>Si vous avez un compte ou des commandes cr\u00e9\u00e9s sur le site, vous pouvez demander \u00e0 recevoir un fichier contenant toutes les donn\u00e9es personnelles enregistr\u00e9es \u00e0 votre sujet. Vous pouvez \u00e9galement demander la suppression de vos donn\u00e9es personnelles. Cela ne prend pas en compte les donn\u00e9es stock\u00e9es \u00e0 des fins administratives, l\u00e9gales ou pour des raisons de s\u00e9curit\u00e9.<br>Pour ces demandes de consultation ou de suppression,  il suffit d&rsquo;envoyer un mail \u00e0 peintre.collin@orange.fr<\/p>\n\n\n\n<h2 class=\"wp-block-heading\">Informations suppl\u00e9mentaires<\/h2>\n\n\n\n<h3 class=\"wp-block-heading\">Protection de vos donn\u00e9es<\/h3>\n\n\n\n<p>Vos donn\u00e9es personnelles ne seront jamais vendues, partag\u00e9es ou communiqu\u00e9es \u00e0 des tiers. <\/p>\n","protected":false},"excerpt":{"rendered":"<p>Qui suis-je&nbsp;? Fran\u00e7ois Collin, artiste peintre, r\u00e9sidant en France.L\u2019adresse du site : https:\/\/www.peintrecollin.comLe mail de contact : peintre.collin@orange.fr Siret : 792 687 972 00010APE : 9003A (Cr\u00e9ation artistique relevant des arts plastiques)N\u00b0&nbsp;ordre&nbsp;MDA&nbsp;(Maison&nbsp;Des&nbsp;Artistes)&nbsp;:&nbsp;CB74407 Utilisation des donn\u00e9es personnelles collect\u00e9es Formulaire de contact Les informations personnelles collect\u00e9es sur le formulaire de contact ne servent uniquement qu&rsquo;\u00e0 concevoir un [&hellip;]<\/p>\n","protected":false},"author":1,"featured_media":0,"parent":0,"menu_order":0,"comment_status":"closed","ping_status":"closed","template":"template-fullwidth.php","meta":{"footnotes":""},"class_list":["post-3","page","type-page","status-publish","hentry"],"yoast_head":"<!-- This site is optimized with the Yoast SEO plugin v27.0 - https:\/\/yoast.com\/product\/yoast-seo-wordpress\/ -->\n<title>Politique de confidentialit\u00e9 (RGPD) - Fran\u00e7ois Collin - Artiste Peintre<\/title>\n<meta name=\"description\" content=\"RGPD du site de l&#039;artiste peintre Fran\u00e7ois COLLIN, proche de Chartres en Eure-et-Loir. Tableaux de Beauce, du Perche et de la Bretagne.\" \/>\n<meta name=\"robots\" content=\"index, follow, max-snippet:-1, max-image-preview:large, max-video-preview:-1\" \/>\n<link rel=\"canonical\" href=\"https:\/\/www.peintrecollin.com\/pcw\/politique-de-confidentialite\/\" \/>\n<meta property=\"og:locale\" content=\"fr_FR\" \/>\n<meta property=\"og:type\" content=\"article\" \/>\n<meta property=\"og:title\" content=\"Politique de confidentialit\u00e9 (RGPD) - Fran\u00e7ois Collin - Artiste Peintre\" \/>\n<meta property=\"og:description\" content=\"RGPD du site de l&#039;artiste peintre Fran\u00e7ois COLLIN, proche de Chartres en Eure-et-Loir. Tableaux de Beauce, du Perche et de la Bretagne.\" \/>\n<meta property=\"og:url\" content=\"https:\/\/www.peintrecollin.com\/pcw\/politique-de-confidentialite\/\" \/>\n<meta property=\"og:site_name\" content=\"Fran\u00e7ois Collin\" \/>\n<meta property=\"article:modified_time\" content=\"2021-02-23T21:34:42+00:00\" \/>\n<meta name=\"twitter:card\" content=\"summary_large_image\" \/>\n<script type=\"application\/ld+json\" class=\"yoast-schema-graph\">{\"@context\":\"https:\/\/schema.org\",\"@graph\":[{\"@type\":\"WebPage\",\"@id\":\"https:\/\/www.peintrecollin.com\/pcw\/politique-de-confidentialite\/\",\"url\":\"https:\/\/www.peintrecollin.com\/pcw\/politique-de-confidentialite\/\",\"name\":\"Politique de confidentialit\u00e9 (RGPD) - Fran\u00e7ois Collin - Artiste Peintre\",\"isPartOf\":{\"@id\":\"https:\/\/www.peintrecollin.com\/pcw\/#website\"},\"datePublished\":\"2021-01-17T16:31:39+00:00\",\"dateModified\":\"2021-02-23T21:34:42+00:00\",\"description\":\"RGPD du site de l'artiste peintre Fran\u00e7ois COLLIN, proche de Chartres en Eure-et-Loir. Tableaux de Beauce, du Perche et de la Bretagne.\",\"breadcrumb\":{\"@id\":\"https:\/\/www.peintrecollin.com\/pcw\/politique-de-confidentialite\/#breadcrumb\"},\"inLanguage\":\"fr-FR\",\"potentialAction\":[{\"@type\":\"ReadAction\",\"target\":[\"https:\/\/www.peintrecollin.com\/pcw\/politique-de-confidentialite\/\"]}]},{\"@type\":\"BreadcrumbList\",\"@id\":\"https:\/\/www.peintrecollin.com\/pcw\/politique-de-confidentialite\/#breadcrumb\",\"itemListElement\":[{\"@type\":\"ListItem\",\"position\":1,\"name\":\"Accueil\",\"item\":\"https:\/\/www.peintrecollin.com\/pcw\/\"},{\"@type\":\"ListItem\",\"position\":2,\"name\":\"Politique de confidentialit\u00e9 (RGPD)\"}]},{\"@type\":\"WebSite\",\"@id\":\"https:\/\/www.peintrecollin.com\/pcw\/#website\",\"url\":\"https:\/\/www.peintrecollin.com\/pcw\/\",\"name\":\"Fran\u00e7ois Collin\",\"description\":\"Siret : 792 687 972 00010 - APE : 9003A\",\"publisher\":{\"@id\":\"https:\/\/www.peintrecollin.com\/pcw\/#\/schema\/person\/cd114f0559048a553ef862492872ea03\"},\"potentialAction\":[{\"@type\":\"SearchAction\",\"target\":{\"@type\":\"EntryPoint\",\"urlTemplate\":\"https:\/\/www.peintrecollin.com\/pcw\/?s={search_term_string}\"},\"query-input\":{\"@type\":\"PropertyValueSpecification\",\"valueRequired\":true,\"valueName\":\"search_term_string\"}}],\"inLanguage\":\"fr-FR\"},{\"@type\":[\"Person\",\"Organization\"],\"@id\":\"https:\/\/www.peintrecollin.com\/pcw\/#\/schema\/person\/cd114f0559048a553ef862492872ea03\",\"name\":\"Fran\u00e7ois Collin\",\"image\":{\"@type\":\"ImageObject\",\"inLanguage\":\"fr-FR\",\"@id\":\"https:\/\/www.peintrecollin.com\/pcw\/#\/schema\/person\/image\/\",\"url\":\"https:\/\/www.peintrecollin.com\/pcw\/wp-content\/uploads\/2021\/01\/signature-peintre-collin-peinture-huile.png\",\"contentUrl\":\"https:\/\/www.peintrecollin.com\/pcw\/wp-content\/uploads\/2021\/01\/signature-peintre-collin-peinture-huile.png\",\"width\":794,\"height\":499,\"caption\":\"Fran\u00e7ois Collin\"},\"logo\":{\"@id\":\"https:\/\/www.peintrecollin.com\/pcw\/#\/schema\/person\/image\/\"},\"sameAs\":[\"https:\/\/www.peintrecollin.com\/pcw\"]}]}<\/script>\n<!-- \/ Yoast SEO plugin. -->","yoast_head_json":{"title":"Politique de confidentialit\u00e9 (RGPD) - Fran\u00e7ois Collin - Artiste Peintre","description":"RGPD du site de l'artiste peintre Fran\u00e7ois COLLIN, proche de Chartres en Eure-et-Loir. Tableaux de Beauce, du Perche et de la Bretagne.","robots":{"index":"index","follow":"follow","max-snippet":"max-snippet:-1","max-image-preview":"max-image-preview:large","max-video-preview":"max-video-preview:-1"},"canonical":"https:\/\/www.peintrecollin.com\/pcw\/politique-de-confidentialite\/","og_locale":"fr_FR","og_type":"article","og_title":"Politique de confidentialit\u00e9 (RGPD) - Fran\u00e7ois Collin - Artiste Peintre","og_description":"RGPD du site de l'artiste peintre Fran\u00e7ois COLLIN, proche de Chartres en Eure-et-Loir. Tableaux de Beauce, du Perche et de la Bretagne.","og_url":"https:\/\/www.peintrecollin.com\/pcw\/politique-de-confidentialite\/","og_site_name":"Fran\u00e7ois Collin","article_modified_time":"2021-02-23T21:34:42+00:00","twitter_card":"summary_large_image","schema":{"@context":"https:\/\/schema.org","@graph":[{"@type":"WebPage","@id":"https:\/\/www.peintrecollin.com\/pcw\/politique-de-confidentialite\/","url":"https:\/\/www.peintrecollin.com\/pcw\/politique-de-confidentialite\/","name":"Politique de confidentialit\u00e9 (RGPD) - Fran\u00e7ois Collin - Artiste Peintre","isPartOf":{"@id":"https:\/\/www.peintrecollin.com\/pcw\/#website"},"datePublished":"2021-01-17T16:31:39+00:00","dateModified":"2021-02-23T21:34:42+00:00","description":"RGPD du site de l'artiste peintre Fran\u00e7ois COLLIN, proche de Chartres en Eure-et-Loir. Tableaux de Beauce, du Perche et de la Bretagne.","breadcrumb":{"@id":"https:\/\/www.peintrecollin.com\/pcw\/politique-de-confidentialite\/#breadcrumb"},"inLanguage":"fr-FR","potentialAction":[{"@type":"ReadAction","target":["https:\/\/www.peintrecollin.com\/pcw\/politique-de-confidentialite\/"]}]},{"@type":"BreadcrumbList","@id":"https:\/\/www.peintrecollin.com\/pcw\/politique-de-confidentialite\/#breadcrumb","itemListElement":[{"@type":"ListItem","position":1,"name":"Accueil","item":"https:\/\/www.peintrecollin.com\/pcw\/"},{"@type":"ListItem","position":2,"name":"Politique de confidentialit\u00e9 (RGPD)"}]},{"@type":"WebSite","@id":"https:\/\/www.peintrecollin.com\/pcw\/#website","url":"https:\/\/www.peintrecollin.com\/pcw\/","name":"Fran\u00e7ois Collin","description":"Siret : 792 687 972 00010 - APE : 9003A","publisher":{"@id":"https:\/\/www.peintrecollin.com\/pcw\/#\/schema\/person\/cd114f0559048a553ef862492872ea03"},"potentialAction":[{"@type":"SearchAction","target":{"@type":"EntryPoint","urlTemplate":"https:\/\/www.peintrecollin.com\/pcw\/?s={search_term_string}"},"query-input":{"@type":"PropertyValueSpecification","valueRequired":true,"valueName":"search_term_string"}}],"inLanguage":"fr-FR"},{"@type":["Person","Organization"],"@id":"https:\/\/www.peintrecollin.com\/pcw\/#\/schema\/person\/cd114f0559048a553ef862492872ea03","name":"Fran\u00e7ois Collin","image":{"@type":"ImageObject","inLanguage":"fr-FR","@id":"https:\/\/www.peintrecollin.com\/pcw\/#\/schema\/person\/image\/","url":"https:\/\/www.peintrecollin.com\/pcw\/wp-content\/uploads\/2021\/01\/signature-peintre-collin-peinture-huile.png","contentUrl":"https:\/\/www.peintrecollin.com\/pcw\/wp-content\/uploads\/2021\/01\/signature-peintre-collin-peinture-huile.png","width":794,"height":499,"caption":"Fran\u00e7ois Collin"},"logo":{"@id":"https:\/\/www.peintrecollin.com\/pcw\/#\/schema\/person\/image\/"},"sameAs":["https:\/\/www.peintrecollin.com\/pcw"]}]}},"_links":{"self":[{"href":"https:\/\/www.peintrecollin.com\/pcw\/wp-json\/wp\/v2\/pages\/3","targetHints":{"allow":["GET"]}}],"collection":[{"href":"https:\/\/www.peintrecollin.com\/pcw\/wp-json\/wp\/v2\/pages"}],"about":[{"href":"https:\/\/www.peintrecollin.com\/pcw\/wp-json\/wp\/v2\/types\/page"}],"author":[{"embeddable":true,"href":"https:\/\/www.peintrecollin.com\/pcw\/wp-json\/wp\/v2\/users\/1"}],"replies":[{"embeddable":true,"href":"https:\/\/www.peintrecollin.com\/pcw\/wp-json\/wp\/v2\/comments?post=3"}],"version-history":[{"count":5,"href":"https:\/\/www.peintrecollin.com\/pcw\/wp-json\/wp\/v2\/pages\/3\/revisions"}],"predecessor-version":[{"id":351,"href":"https:\/\/www.peintrecollin.com\/pcw\/wp-json\/wp\/v2\/pages\/3\/revisions\/351"}],"wp:attachment":[{"href":"https:\/\/www.peintrecollin.com\/pcw\/wp-json\/wp\/v2\/media?parent=3"}],"curies":[{"name":"wp","href":"https:\/\/api.w.org\/{rel}","templated":true}]}}