{"id":587,"date":"2025-12-27T15:29:54","date_gmt":"2025-12-27T14:29:54","guid":{"rendered":"https:\/\/www.peintrecollin.com\/pcw\/?post_type=product&#038;p=587"},"modified":"2026-01-04T21:10:58","modified_gmt":"2026-01-04T20:10:58","slug":"crique_houat_2","status":"publish","type":"product","link":"https:\/\/www.peintrecollin.com\/pcw\/fco_page-tableaux\/crique_houat_2\/","title":{"rendered":"Crique Houat"},"content":{"rendered":"<ul>\n<li>Chaque tableau vendu sur ce site est une \u0153uvre unique, sign\u00e9e. Une contresignature est \u00e9galement appos\u00e9e \u00e0 l&rsquo;arri\u00e8re avec le titre. Un certificat d\u2019authenticit\u00e9 accompagne chaque tableau.<\/li>\n<li>Vous pouvez venir retirer vos commandes directement \u00e0 l&rsquo;atelier ou choisir une adresse d&rsquo;exp\u00e9dition.<\/li>\n<li>Pour un envoi, les tableaux sont emball\u00e9s avec carton et film bulle. Puis confi\u00e9s \u00e0 la Poste (Colissimo ou Chronopost) avec suivi.<\/li>\n<\/ul>\n","protected":false},"excerpt":{"rendered":"<p>Crique sur l&rsquo;\u00eele de Houat, Morbihan, Bretagne<\/p>\n","protected":false},"featured_media":588,"template":"","meta":[],"product_brand":[],"product_cat":[21],"product_tag":[],"class_list":{"0":"post-587","1":"product","2":"type-product","3":"status-publish","4":"has-post-thumbnail","6":"product_cat-tableaux","7":"product_shipping_class-moyen-format","9":"first","10":"instock","11":"sold-individually","12":"shipping-taxable","13":"purchasable","14":"product-type-simple"},"yoast_head":"<!-- This site is optimized with the Yoast SEO plugin v27.5 - https:\/\/yoast.com\/product\/yoast-seo-wordpress\/ -->\n<title>Crique Houat - Fran\u00e7ois Collin - Artiste Peintre - Beauce Perche Bretagne<\/title>\n<meta name=\"description\" content=\"Crique sur l&#039;\u00eele de Houat, Morbihan, Bretagne - Peinture Huile ou Acrylique, Couteau ou Pinceau\" \/>\n<meta name=\"robots\" content=\"index, follow, max-snippet:-1, max-image-preview:large, max-video-preview:-1\" \/>\n<link rel=\"canonical\" href=\"https:\/\/www.peintrecollin.com\/pcw\/fco_page-tableaux\/crique_houat_2\/\" \/>\n<meta property=\"og:locale\" content=\"fr_FR\" \/>\n<meta property=\"og:type\" content=\"article\" \/>\n<meta property=\"og:title\" content=\"Crique Houat - Fran\u00e7ois Collin - Artiste Peintre - Beauce Perche Bretagne\" \/>\n<meta property=\"og:description\" content=\"Crique sur l&#039;\u00eele de Houat, Morbihan, Bretagne - Peinture Huile ou Acrylique, Couteau ou Pinceau\" \/>\n<meta property=\"og:url\" content=\"https:\/\/www.peintrecollin.com\/pcw\/fco_page-tableaux\/crique_houat_2\/\" \/>\n<meta property=\"og:site_name\" content=\"Fran\u00e7ois Collin\" \/>\n<meta property=\"article:modified_time\" content=\"2026-01-04T20:10:58+00:00\" \/>\n<meta property=\"og:image\" content=\"https:\/\/www.peintrecollin.com\/pcw\/wp-content\/uploads\/2025\/12\/crique_houat_2.jpg\" \/>\n\t<meta property=\"og:image:width\" content=\"1500\" \/>\n\t<meta property=\"og:image:height\" content=\"990\" \/>\n\t<meta property=\"og:image:type\" content=\"image\/jpeg\" \/>\n<meta name=\"twitter:card\" content=\"summary_large_image\" \/>\n<script type=\"application\/ld+json\" class=\"yoast-schema-graph\">{\"@context\":\"https:\\\/\\\/schema.org\",\"@graph\":[{\"@type\":\"WebPage\",\"@id\":\"https:\\\/\\\/www.peintrecollin.com\\\/pcw\\\/fco_page-tableaux\\\/crique_houat_2\\\/\",\"url\":\"https:\\\/\\\/www.peintrecollin.com\\\/pcw\\\/fco_page-tableaux\\\/crique_houat_2\\\/\",\"name\":\"Crique Houat - Fran\u00e7ois Collin - Artiste Peintre - Beauce Perche Bretagne\",\"isPartOf\":{\"@id\":\"https:\\\/\\\/www.peintrecollin.com\\\/pcw\\\/#website\"},\"primaryImageOfPage\":{\"@id\":\"https:\\\/\\\/www.peintrecollin.com\\\/pcw\\\/fco_page-tableaux\\\/crique_houat_2\\\/#primaryimage\"},\"image\":{\"@id\":\"https:\\\/\\\/www.peintrecollin.com\\\/pcw\\\/fco_page-tableaux\\\/crique_houat_2\\\/#primaryimage\"},\"thumbnailUrl\":\"https:\\\/\\\/www.peintrecollin.com\\\/pcw\\\/wp-content\\\/uploads\\\/2025\\\/12\\\/crique_houat_2.jpg\",\"datePublished\":\"2025-12-27T14:29:54+00:00\",\"dateModified\":\"2026-01-04T20:10:58+00:00\",\"description\":\"Crique sur l'\u00eele de Houat, Morbihan, Bretagne - Peinture Huile ou Acrylique, Couteau ou Pinceau\",\"breadcrumb\":{\"@id\":\"https:\\\/\\\/www.peintrecollin.com\\\/pcw\\\/fco_page-tableaux\\\/crique_houat_2\\\/#breadcrumb\"},\"inLanguage\":\"fr-FR\",\"potentialAction\":[{\"@type\":\"ReadAction\",\"target\":[\"https:\\\/\\\/www.peintrecollin.com\\\/pcw\\\/fco_page-tableaux\\\/crique_houat_2\\\/\"]}]},{\"@type\":\"ImageObject\",\"inLanguage\":\"fr-FR\",\"@id\":\"https:\\\/\\\/www.peintrecollin.com\\\/pcw\\\/fco_page-tableaux\\\/crique_houat_2\\\/#primaryimage\",\"url\":\"https:\\\/\\\/www.peintrecollin.com\\\/pcw\\\/wp-content\\\/uploads\\\/2025\\\/12\\\/crique_houat_2.jpg\",\"contentUrl\":\"https:\\\/\\\/www.peintrecollin.com\\\/pcw\\\/wp-content\\\/uploads\\\/2025\\\/12\\\/crique_houat_2.jpg\",\"width\":1500,\"height\":990,\"caption\":\"Crique Houat\"},{\"@type\":\"BreadcrumbList\",\"@id\":\"https:\\\/\\\/www.peintrecollin.com\\\/pcw\\\/fco_page-tableaux\\\/crique_houat_2\\\/#breadcrumb\",\"itemListElement\":[{\"@type\":\"ListItem\",\"position\":1,\"name\":\"Accueil\",\"item\":\"https:\\\/\\\/www.peintrecollin.com\\\/pcw\\\/\"},{\"@type\":\"ListItem\",\"position\":2,\"name\":\"Les tableaux\",\"item\":\"https:\\\/\\\/www.peintrecollin.com\\\/pcw\\\/\"},{\"@type\":\"ListItem\",\"position\":3,\"name\":\"Crique Houat\"}]},{\"@type\":\"WebSite\",\"@id\":\"https:\\\/\\\/www.peintrecollin.com\\\/pcw\\\/#website\",\"url\":\"https:\\\/\\\/www.peintrecollin.com\\\/pcw\\\/\",\"name\":\"Fran\u00e7ois Collin\",\"description\":\"Siret : 792 687 972 00010 - APE : 9003A\",\"publisher\":{\"@id\":\"https:\\\/\\\/www.peintrecollin.com\\\/pcw\\\/#\\\/schema\\\/person\\\/cd114f0559048a553ef862492872ea03\"},\"potentialAction\":[{\"@type\":\"SearchAction\",\"target\":{\"@type\":\"EntryPoint\",\"urlTemplate\":\"https:\\\/\\\/www.peintrecollin.com\\\/pcw\\\/?s={search_term_string}\"},\"query-input\":{\"@type\":\"PropertyValueSpecification\",\"valueRequired\":true,\"valueName\":\"search_term_string\"}}],\"inLanguage\":\"fr-FR\"},{\"@type\":[\"Person\",\"Organization\"],\"@id\":\"https:\\\/\\\/www.peintrecollin.com\\\/pcw\\\/#\\\/schema\\\/person\\\/cd114f0559048a553ef862492872ea03\",\"name\":\"Fran\u00e7ois Collin\",\"image\":{\"@type\":\"ImageObject\",\"inLanguage\":\"fr-FR\",\"@id\":\"https:\\\/\\\/www.peintrecollin.com\\\/pcw\\\/wp-content\\\/uploads\\\/2021\\\/01\\\/signature-peintre-collin-peinture-huile.png\",\"url\":\"https:\\\/\\\/www.peintrecollin.com\\\/pcw\\\/wp-content\\\/uploads\\\/2021\\\/01\\\/signature-peintre-collin-peinture-huile.png\",\"contentUrl\":\"https:\\\/\\\/www.peintrecollin.com\\\/pcw\\\/wp-content\\\/uploads\\\/2021\\\/01\\\/signature-peintre-collin-peinture-huile.png\",\"width\":794,\"height\":499,\"caption\":\"Fran\u00e7ois Collin\"},\"logo\":{\"@id\":\"https:\\\/\\\/www.peintrecollin.com\\\/pcw\\\/wp-content\\\/uploads\\\/2021\\\/01\\\/signature-peintre-collin-peinture-huile.png\"},\"sameAs\":[\"https:\\\/\\\/www.peintrecollin.com\\\/pcw\"]}]}<\/script>\n<!-- \/ Yoast SEO plugin. -->","yoast_head_json":{"title":"Crique Houat - Fran\u00e7ois Collin - Artiste Peintre - Beauce Perche Bretagne","description":"Crique sur l'\u00eele de Houat, Morbihan, Bretagne - Peinture Huile ou Acrylique, Couteau ou Pinceau","robots":{"index":"index","follow":"follow","max-snippet":"max-snippet:-1","max-image-preview":"max-image-preview:large","max-video-preview":"max-video-preview:-1"},"canonical":"https:\/\/www.peintrecollin.com\/pcw\/fco_page-tableaux\/crique_houat_2\/","og_locale":"fr_FR","og_type":"article","og_title":"Crique Houat - Fran\u00e7ois Collin - Artiste Peintre - Beauce Perche Bretagne","og_description":"Crique sur l'\u00eele de Houat, Morbihan, Bretagne - Peinture Huile ou Acrylique, Couteau ou Pinceau","og_url":"https:\/\/www.peintrecollin.com\/pcw\/fco_page-tableaux\/crique_houat_2\/","og_site_name":"Fran\u00e7ois Collin","article_modified_time":"2026-01-04T20:10:58+00:00","og_image":[{"width":1500,"height":990,"url":"https:\/\/www.peintrecollin.com\/pcw\/wp-content\/uploads\/2025\/12\/crique_houat_2.jpg","type":"image\/jpeg"}],"twitter_card":"summary_large_image","schema":{"@context":"https:\/\/schema.org","@graph":[{"@type":"WebPage","@id":"https:\/\/www.peintrecollin.com\/pcw\/fco_page-tableaux\/crique_houat_2\/","url":"https:\/\/www.peintrecollin.com\/pcw\/fco_page-tableaux\/crique_houat_2\/","name":"Crique Houat - Fran\u00e7ois Collin - Artiste Peintre - Beauce Perche Bretagne","isPartOf":{"@id":"https:\/\/www.peintrecollin.com\/pcw\/#website"},"primaryImageOfPage":{"@id":"https:\/\/www.peintrecollin.com\/pcw\/fco_page-tableaux\/crique_houat_2\/#primaryimage"},"image":{"@id":"https:\/\/www.peintrecollin.com\/pcw\/fco_page-tableaux\/crique_houat_2\/#primaryimage"},"thumbnailUrl":"https:\/\/www.peintrecollin.com\/pcw\/wp-content\/uploads\/2025\/12\/crique_houat_2.jpg","datePublished":"2025-12-27T14:29:54+00:00","dateModified":"2026-01-04T20:10:58+00:00","description":"Crique sur l'\u00eele de Houat, Morbihan, Bretagne - Peinture Huile ou Acrylique, Couteau ou Pinceau","breadcrumb":{"@id":"https:\/\/www.peintrecollin.com\/pcw\/fco_page-tableaux\/crique_houat_2\/#breadcrumb"},"inLanguage":"fr-FR","potentialAction":[{"@type":"ReadAction","target":["https:\/\/www.peintrecollin.com\/pcw\/fco_page-tableaux\/crique_houat_2\/"]}]},{"@type":"ImageObject","inLanguage":"fr-FR","@id":"https:\/\/www.peintrecollin.com\/pcw\/fco_page-tableaux\/crique_houat_2\/#primaryimage","url":"https:\/\/www.peintrecollin.com\/pcw\/wp-content\/uploads\/2025\/12\/crique_houat_2.jpg","contentUrl":"https:\/\/www.peintrecollin.com\/pcw\/wp-content\/uploads\/2025\/12\/crique_houat_2.jpg","width":1500,"height":990,"caption":"Crique Houat"},{"@type":"BreadcrumbList","@id":"https:\/\/www.peintrecollin.com\/pcw\/fco_page-tableaux\/crique_houat_2\/#breadcrumb","itemListElement":[{"@type":"ListItem","position":1,"name":"Accueil","item":"https:\/\/www.peintrecollin.com\/pcw\/"},{"@type":"ListItem","position":2,"name":"Les tableaux","item":"https:\/\/www.peintrecollin.com\/pcw\/"},{"@type":"ListItem","position":3,"name":"Crique Houat"}]},{"@type":"WebSite","@id":"https:\/\/www.peintrecollin.com\/pcw\/#website","url":"https:\/\/www.peintrecollin.com\/pcw\/","name":"Fran\u00e7ois Collin","description":"Siret : 792 687 972 00010 - APE : 9003A","publisher":{"@id":"https:\/\/www.peintrecollin.com\/pcw\/#\/schema\/person\/cd114f0559048a553ef862492872ea03"},"potentialAction":[{"@type":"SearchAction","target":{"@type":"EntryPoint","urlTemplate":"https:\/\/www.peintrecollin.com\/pcw\/?s={search_term_string}"},"query-input":{"@type":"PropertyValueSpecification","valueRequired":true,"valueName":"search_term_string"}}],"inLanguage":"fr-FR"},{"@type":["Person","Organization"],"@id":"https:\/\/www.peintrecollin.com\/pcw\/#\/schema\/person\/cd114f0559048a553ef862492872ea03","name":"Fran\u00e7ois Collin","image":{"@type":"ImageObject","inLanguage":"fr-FR","@id":"https:\/\/www.peintrecollin.com\/pcw\/wp-content\/uploads\/2021\/01\/signature-peintre-collin-peinture-huile.png","url":"https:\/\/www.peintrecollin.com\/pcw\/wp-content\/uploads\/2021\/01\/signature-peintre-collin-peinture-huile.png","contentUrl":"https:\/\/www.peintrecollin.com\/pcw\/wp-content\/uploads\/2021\/01\/signature-peintre-collin-peinture-huile.png","width":794,"height":499,"caption":"Fran\u00e7ois Collin"},"logo":{"@id":"https:\/\/www.peintrecollin.com\/pcw\/wp-content\/uploads\/2021\/01\/signature-peintre-collin-peinture-huile.png"},"sameAs":["https:\/\/www.peintrecollin.com\/pcw"]}]}},"_links":{"self":[{"href":"https:\/\/www.peintrecollin.com\/pcw\/wp-json\/wp\/v2\/product\/587","targetHints":{"allow":["GET"]}}],"collection":[{"href":"https:\/\/www.peintrecollin.com\/pcw\/wp-json\/wp\/v2\/product"}],"about":[{"href":"https:\/\/www.peintrecollin.com\/pcw\/wp-json\/wp\/v2\/types\/product"}],"wp:featuredmedia":[{"embeddable":true,"href":"https:\/\/www.peintrecollin.com\/pcw\/wp-json\/wp\/v2\/media\/588"}],"wp:attachment":[{"href":"https:\/\/www.peintrecollin.com\/pcw\/wp-json\/wp\/v2\/media?parent=587"}],"wp:term":[{"taxonomy":"product_brand","embeddable":true,"href":"https:\/\/www.peintrecollin.com\/pcw\/wp-json\/wp\/v2\/product_brand?post=587"},{"taxonomy":"product_cat","embeddable":true,"href":"https:\/\/www.peintrecollin.com\/pcw\/wp-json\/wp\/v2\/product_cat?post=587"},{"taxonomy":"product_tag","embeddable":true,"href":"https:\/\/www.peintrecollin.com\/pcw\/wp-json\/wp\/v2\/product_tag?post=587"}],"curies":[{"name":"wp","href":"https:\/\/api.w.org\/{rel}","templated":true}]}}